{"id":29,"date":"2016-11-03T19:44:49","date_gmt":"2016-11-03T19:44:49","guid":{"rendered":"http:\/\/szmaragdowaidylla.pl\/?page_id=29"},"modified":"2026-01-19T19:01:46","modified_gmt":"2026-01-19T19:01:46","slug":"filmy","status":"publish","type":"page","link":"http:\/\/szmaragdowaidylla.pl\/?page_id=29","title":{"rendered":"Filmy"},"content":{"rendered":"\r\n<div style=\"width: 720px;\" class=\"wp-video\"><!--[if lt IE 9]><script>document.createElement('video');<\/script><![endif]-->\n<video class=\"wp-video-shortcode\" id=\"video-29-1\" width=\"720\" height=\"1280\" preload=\"metadata\" controls=\"controls\"><source type=\"video\/mp4\" src=\"http:\/\/szmaragdowaidylla.pl\/wp-content\/uploads\/2026\/01\/filmik.mp4?_=1\" \/><a href=\"http:\/\/szmaragdowaidylla.pl\/wp-content\/uploads\/2026\/01\/filmik.mp4\">http:\/\/szmaragdowaidylla.pl\/wp-content\/uploads\/2026\/01\/filmik.mp4<\/a><\/video><\/div>\r\n<p>Iskierka i Igni\u015b to dwie papu\u017cki nieroz\u0142\u0105czki<\/p>\r\n<div style=\"width: 750px;\" class=\"wp-video\"><video class=\"wp-video-shortcode\" id=\"video-29-2\" width=\"750\" height=\"1343\" preload=\"metadata\" controls=\"controls\"><source type=\"video\/mp4\" src=\"http:\/\/szmaragdowaidylla.pl\/wp-content\/uploads\/2025\/08\/film-ISKRA-I-IGNIS.mp4?_=2\" \/><a href=\"http:\/\/szmaragdowaidylla.pl\/wp-content\/uploads\/2025\/08\/film-ISKRA-I-IGNIS.mp4\">http:\/\/szmaragdowaidylla.pl\/wp-content\/uploads\/2025\/08\/film-ISKRA-I-IGNIS.mp4<\/a><\/video><\/div>\r\n<div style=\"width: 720px;\" class=\"wp-video\"><video class=\"wp-video-shortcode\" id=\"video-29-3\" width=\"720\" height=\"1280\" preload=\"metadata\" controls=\"controls\"><source type=\"video\/mp4\" src=\"http:\/\/szmaragdowaidylla.pl\/wp-content\/uploads\/2026\/01\/1111.mp4?_=3\" \/><a href=\"http:\/\/szmaragdowaidylla.pl\/wp-content\/uploads\/2026\/01\/1111.mp4\">http:\/\/szmaragdowaidylla.pl\/wp-content\/uploads\/2026\/01\/1111.mp4<\/a><\/video><\/div>\r\n<p>Ma\u0142e kochane szoguny!!!<\/p>\r\n<div style=\"width: 750px;\" class=\"wp-video\"><video class=\"wp-video-shortcode\" id=\"video-29-4\" width=\"750\" height=\"1333\" preload=\"metadata\" controls=\"controls\"><source type=\"video\/mp4\" src=\"http:\/\/szmaragdowaidylla.pl\/wp-content\/uploads\/2025\/08\/filmik-maluchy.mp4?_=4\" \/><a href=\"http:\/\/szmaragdowaidylla.pl\/wp-content\/uploads\/2025\/08\/filmik-maluchy.mp4\">http:\/\/szmaragdowaidylla.pl\/wp-content\/uploads\/2025\/08\/filmik-maluchy.mp4<\/a><\/video><\/div>\r\n<p>Dzisiaj mieli\u015bmy wsp\u00f3lny spacer z nowym kumplem Lego<\/p>\r\n<div style=\"width: 720px;\" class=\"wp-video\"><video class=\"wp-video-shortcode\" id=\"video-29-5\" width=\"720\" height=\"1280\" preload=\"metadata\" controls=\"controls\"><source type=\"video\/mp4\" src=\"http:\/\/szmaragdowaidylla.pl\/wp-content\/uploads\/2025\/08\/film-jezioro-lego-i-ignis.mp4?_=5\" \/><a href=\"http:\/\/szmaragdowaidylla.pl\/wp-content\/uploads\/2025\/08\/film-jezioro-lego-i-ignis.mp4\">http:\/\/szmaragdowaidylla.pl\/wp-content\/uploads\/2025\/08\/film-jezioro-lego-i-ignis.mp4<\/a><\/video><\/div>\r\n<p>Nasza kochana Mika to wyj\u0105tkowa i cudowna sunia.Do ka\u017cdego zadania podchodzi z zaanga\u017cowaniem i uwielbia popisywa\u0107 si\u0119 sztuczkami:)<\/p>\r\n\r\n<div style=\"width: 640px;\" class=\"wp-video\"><video class=\"wp-video-shortcode\" id=\"video-29-6\" width=\"640\" height=\"360\" preload=\"metadata\" controls=\"controls\"><source type=\"video\/mp4\" src=\"http:\/\/szmaragdowaidylla.pl\/wp-content\/uploads\/2025\/03\/MOJ-DZIEN-Border-Collie.mp4?_=6\" \/><a href=\"http:\/\/szmaragdowaidylla.pl\/wp-content\/uploads\/2025\/03\/MOJ-DZIEN-Border-Collie.mp4\">http:\/\/szmaragdowaidylla.pl\/wp-content\/uploads\/2025\/03\/MOJ-DZIEN-Border-Collie.mp4<\/a><\/video><\/div>","protected":false},"excerpt":{"rendered":"<p>Iskierka i Igni\u015b to dwie papu\u017cki nieroz\u0142\u0105czki Ma\u0142e kochane szoguny!!! Dzisiaj mieli\u015bmy wsp\u00f3lny spacer z nowym kumplem Lego Nasza kochana Mika to wyj\u0105tkowa i cudowna sunia.Do ka\u017cdego zadania podchodzi z zaanga\u017cowaniem i uwielbia popisywa\u0107 si\u0119 sztuczkami:)<\/p>\n","protected":false},"author":1,"featured_media":0,"parent":0,"menu_order":0,"comment_status":"closed","ping_status":"closed","template":"","meta":{"footnotes":""},"class_list":["post-29","page","type-page","status-publish","hentry"],"_links":{"self":[{"href":"http:\/\/szmaragdowaidylla.pl\/index.php?rest_route=\/wp\/v2\/pages\/29","targetHints":{"allow":["GET"]}}],"collection":[{"href":"http:\/\/szmaragdowaidylla.pl\/index.php?rest_route=\/wp\/v2\/pages"}],"about":[{"href":"http:\/\/szmaragdowaidylla.pl\/index.php?rest_route=\/wp\/v2\/types\/page"}],"author":[{"embeddable":true,"href":"http:\/\/szmaragdowaidylla.pl\/index.php?rest_route=\/wp\/v2\/users\/1"}],"replies":[{"embeddable":true,"href":"http:\/\/szmaragdowaidylla.pl\/index.php?rest_route=%2Fwp%2Fv2%2Fcomments&post=29"}],"version-history":[{"count":20,"href":"http:\/\/szmaragdowaidylla.pl\/index.php?rest_route=\/wp\/v2\/pages\/29\/revisions"}],"predecessor-version":[{"id":902,"href":"http:\/\/szmaragdowaidylla.pl\/index.php?rest_route=\/wp\/v2\/pages\/29\/revisions\/902"}],"wp:attachment":[{"href":"http:\/\/szmaragdowaidylla.pl\/index.php?rest_route=%2Fwp%2Fv2%2Fmedia&parent=29"}],"curies":[{"name":"wp","href":"https:\/\/api.w.org\/{rel}","templated":true}]}}